{"id":86,"date":"2024-10-09T16:48:03","date_gmt":"2024-10-09T14:48:03","guid":{"rendered":"https:\/\/www.fullygrandcru.ch\/accueil\/"},"modified":"2024-10-23T14:15:32","modified_gmt":"2024-10-23T12:15:32","slug":"accueil","status":"publish","type":"page","link":"https:\/\/www.fullygrandcru.ch\/de\/","title":{"rendered":"Startseite"},"content":{"rendered":"","protected":false},"excerpt":{"rendered":"","protected":false},"author":1,"featured_media":0,"parent":0,"menu_order":0,"comment_status":"closed","ping_status":"closed","template":"home.php","meta":{"_acf_changed":false},"class_list":["post-86","page","type-page","status-publish","hentry"],"acf":[],"yoast_head":"<!-- This site is optimized with the Yoast SEO plugin v27.4 - https:\/\/yoast.com\/product\/yoast-seo-wordpress\/ -->\n<title>Startseite - Fully Grand Cru<\/title>\n<meta name=\"description\" content=\"Gegr\u00fcndet im Jahr 1996, vereint der Verein Fully Grand Cru 19 professionelle Winzer aus Fully. Getrieben von einer gemeinsamen Leidenschaft f\u00fcr Qualit\u00e4t und Exzellenz verk\u00f6rpern sie den Geist von Fully.\" \/>\n<meta name=\"robots\" content=\"index, follow, max-snippet:-1, max-image-preview:large, max-video-preview:-1\" \/>\n<link rel=\"canonical\" href=\"https:\/\/www.fullygrandcru.ch\/de\/\" \/>\n<meta property=\"og:locale\" content=\"de_DE\" \/>\n<meta property=\"og:type\" content=\"article\" \/>\n<meta property=\"og:title\" content=\"Startseite - Fully Grand Cru\" \/>\n<meta property=\"og:description\" content=\"Gegr\u00fcndet im Jahr 1996, vereint der Verein Fully Grand Cru 19 professionelle Winzer aus Fully. Getrieben von einer gemeinsamen Leidenschaft f\u00fcr Qualit\u00e4t und Exzellenz verk\u00f6rpern sie den Geist von Fully.\" \/>\n<meta property=\"og:url\" content=\"https:\/\/www.fullygrandcru.ch\/de\/\" \/>\n<meta property=\"og:site_name\" content=\"Fully Grand Cru\" \/>\n<meta property=\"article:publisher\" content=\"https:\/\/www.facebook.com\/fullygrandcru\/\" \/>\n<meta property=\"article:modified_time\" content=\"2024-10-23T12:15:32+00:00\" \/>\n<meta name=\"twitter:card\" content=\"summary_large_image\" \/>\n<script type=\"application\/ld+json\" class=\"yoast-schema-graph\">{\"@context\":\"https:\\\/\\\/schema.org\",\"@graph\":[{\"@type\":\"WebPage\",\"@id\":\"https:\\\/\\\/www.fullygrandcru.ch\\\/de\\\/\",\"url\":\"https:\\\/\\\/www.fullygrandcru.ch\\\/de\\\/\",\"name\":\"Startseite - Fully Grand Cru\",\"isPartOf\":{\"@id\":\"https:\\\/\\\/www.fullygrandcru.ch\\\/de\\\/#website\"},\"datePublished\":\"2024-10-09T14:48:03+00:00\",\"dateModified\":\"2024-10-23T12:15:32+00:00\",\"description\":\"Gegr\u00fcndet im Jahr 1996, vereint der Verein Fully Grand Cru 19 professionelle Winzer aus Fully. Getrieben von einer gemeinsamen Leidenschaft f\u00fcr Qualit\u00e4t und Exzellenz verk\u00f6rpern sie den Geist von Fully.\",\"breadcrumb\":{\"@id\":\"https:\\\/\\\/www.fullygrandcru.ch\\\/de\\\/#breadcrumb\"},\"inLanguage\":\"de\",\"potentialAction\":[{\"@type\":\"ReadAction\",\"target\":[\"https:\\\/\\\/www.fullygrandcru.ch\\\/de\\\/\"]}]},{\"@type\":\"BreadcrumbList\",\"@id\":\"https:\\\/\\\/www.fullygrandcru.ch\\\/de\\\/#breadcrumb\",\"itemListElement\":[{\"@type\":\"ListItem\",\"position\":1,\"name\":\"Accueil\",\"item\":\"https:\\\/\\\/www.fullygrandcru.ch\\\/de\\\/\"},{\"@type\":\"ListItem\",\"position\":2,\"name\":\"Startseite\"}]},{\"@type\":\"WebSite\",\"@id\":\"https:\\\/\\\/www.fullygrandcru.ch\\\/de\\\/#website\",\"url\":\"https:\\\/\\\/www.fullygrandcru.ch\\\/de\\\/\",\"name\":\"Fully Grand Cru\",\"description\":\"\",\"publisher\":{\"@id\":\"https:\\\/\\\/www.fullygrandcru.ch\\\/de\\\/#organization\"},\"potentialAction\":[{\"@type\":\"SearchAction\",\"target\":{\"@type\":\"EntryPoint\",\"urlTemplate\":\"https:\\\/\\\/www.fullygrandcru.ch\\\/de\\\/?s={search_term_string}\"},\"query-input\":{\"@type\":\"PropertyValueSpecification\",\"valueRequired\":true,\"valueName\":\"search_term_string\"}}],\"inLanguage\":\"de\"},{\"@type\":\"Organization\",\"@id\":\"https:\\\/\\\/www.fullygrandcru.ch\\\/de\\\/#organization\",\"name\":\"Fully Grand Cru\",\"url\":\"https:\\\/\\\/www.fullygrandcru.ch\\\/de\\\/\",\"logo\":{\"@type\":\"ImageObject\",\"inLanguage\":\"de\",\"@id\":\"https:\\\/\\\/www.fullygrandcru.ch\\\/de\\\/#\\\/schema\\\/logo\\\/image\\\/\",\"url\":\"https:\\\/\\\/www.fullygrandcru.ch\\\/wp-content\\\/uploads\\\/2024\\\/10\\\/logo-fully-grand-cru-dore.svg\",\"contentUrl\":\"https:\\\/\\\/www.fullygrandcru.ch\\\/wp-content\\\/uploads\\\/2024\\\/10\\\/logo-fully-grand-cru-dore.svg\",\"width\":1,\"height\":1,\"caption\":\"Fully Grand Cru\"},\"image\":{\"@id\":\"https:\\\/\\\/www.fullygrandcru.ch\\\/de\\\/#\\\/schema\\\/logo\\\/image\\\/\"},\"sameAs\":[\"https:\\\/\\\/www.facebook.com\\\/fullygrandcru\\\/\",\"https:\\\/\\\/www.instagram.com\\\/fullygrandcru\\\/\"]}]}<\/script>\n<!-- \/ Yoast SEO plugin. -->","yoast_head_json":{"title":"Startseite - Fully Grand Cru","description":"Gegr\u00fcndet im Jahr 1996, vereint der Verein Fully Grand Cru 19 professionelle Winzer aus Fully. Getrieben von einer gemeinsamen Leidenschaft f\u00fcr Qualit\u00e4t und Exzellenz verk\u00f6rpern sie den Geist von Fully.","robots":{"index":"index","follow":"follow","max-snippet":"max-snippet:-1","max-image-preview":"max-image-preview:large","max-video-preview":"max-video-preview:-1"},"canonical":"https:\/\/www.fullygrandcru.ch\/de\/","og_locale":"de_DE","og_type":"article","og_title":"Startseite - Fully Grand Cru","og_description":"Gegr\u00fcndet im Jahr 1996, vereint der Verein Fully Grand Cru 19 professionelle Winzer aus Fully. Getrieben von einer gemeinsamen Leidenschaft f\u00fcr Qualit\u00e4t und Exzellenz verk\u00f6rpern sie den Geist von Fully.","og_url":"https:\/\/www.fullygrandcru.ch\/de\/","og_site_name":"Fully Grand Cru","article_publisher":"https:\/\/www.facebook.com\/fullygrandcru\/","article_modified_time":"2024-10-23T12:15:32+00:00","twitter_card":"summary_large_image","schema":{"@context":"https:\/\/schema.org","@graph":[{"@type":"WebPage","@id":"https:\/\/www.fullygrandcru.ch\/de\/","url":"https:\/\/www.fullygrandcru.ch\/de\/","name":"Startseite - Fully Grand Cru","isPartOf":{"@id":"https:\/\/www.fullygrandcru.ch\/de\/#website"},"datePublished":"2024-10-09T14:48:03+00:00","dateModified":"2024-10-23T12:15:32+00:00","description":"Gegr\u00fcndet im Jahr 1996, vereint der Verein Fully Grand Cru 19 professionelle Winzer aus Fully. Getrieben von einer gemeinsamen Leidenschaft f\u00fcr Qualit\u00e4t und Exzellenz verk\u00f6rpern sie den Geist von Fully.","breadcrumb":{"@id":"https:\/\/www.fullygrandcru.ch\/de\/#breadcrumb"},"inLanguage":"de","potentialAction":[{"@type":"ReadAction","target":["https:\/\/www.fullygrandcru.ch\/de\/"]}]},{"@type":"BreadcrumbList","@id":"https:\/\/www.fullygrandcru.ch\/de\/#breadcrumb","itemListElement":[{"@type":"ListItem","position":1,"name":"Accueil","item":"https:\/\/www.fullygrandcru.ch\/de\/"},{"@type":"ListItem","position":2,"name":"Startseite"}]},{"@type":"WebSite","@id":"https:\/\/www.fullygrandcru.ch\/de\/#website","url":"https:\/\/www.fullygrandcru.ch\/de\/","name":"Fully Grand Cru","description":"","publisher":{"@id":"https:\/\/www.fullygrandcru.ch\/de\/#organization"},"potentialAction":[{"@type":"SearchAction","target":{"@type":"EntryPoint","urlTemplate":"https:\/\/www.fullygrandcru.ch\/de\/?s={search_term_string}"},"query-input":{"@type":"PropertyValueSpecification","valueRequired":true,"valueName":"search_term_string"}}],"inLanguage":"de"},{"@type":"Organization","@id":"https:\/\/www.fullygrandcru.ch\/de\/#organization","name":"Fully Grand Cru","url":"https:\/\/www.fullygrandcru.ch\/de\/","logo":{"@type":"ImageObject","inLanguage":"de","@id":"https:\/\/www.fullygrandcru.ch\/de\/#\/schema\/logo\/image\/","url":"https:\/\/www.fullygrandcru.ch\/wp-content\/uploads\/2024\/10\/logo-fully-grand-cru-dore.svg","contentUrl":"https:\/\/www.fullygrandcru.ch\/wp-content\/uploads\/2024\/10\/logo-fully-grand-cru-dore.svg","width":1,"height":1,"caption":"Fully Grand Cru"},"image":{"@id":"https:\/\/www.fullygrandcru.ch\/de\/#\/schema\/logo\/image\/"},"sameAs":["https:\/\/www.facebook.com\/fullygrandcru\/","https:\/\/www.instagram.com\/fullygrandcru\/"]}]}},"_links":{"self":[{"href":"https:\/\/www.fullygrandcru.ch\/de\/wp-json\/wp\/v2\/pages\/86","targetHints":{"allow":["GET"]}}],"collection":[{"href":"https:\/\/www.fullygrandcru.ch\/de\/wp-json\/wp\/v2\/pages"}],"about":[{"href":"https:\/\/www.fullygrandcru.ch\/de\/wp-json\/wp\/v2\/types\/page"}],"author":[{"embeddable":true,"href":"https:\/\/www.fullygrandcru.ch\/de\/wp-json\/wp\/v2\/users\/1"}],"replies":[{"embeddable":true,"href":"https:\/\/www.fullygrandcru.ch\/de\/wp-json\/wp\/v2\/comments?post=86"}],"version-history":[{"count":11,"href":"https:\/\/www.fullygrandcru.ch\/de\/wp-json\/wp\/v2\/pages\/86\/revisions"}],"predecessor-version":[{"id":130,"href":"https:\/\/www.fullygrandcru.ch\/de\/wp-json\/wp\/v2\/pages\/86\/revisions\/130"}],"wp:attachment":[{"href":"https:\/\/www.fullygrandcru.ch\/de\/wp-json\/wp\/v2\/media?parent=86"}],"curies":[{"name":"wp","href":"https:\/\/api.w.org\/{rel}","templated":true}]}}